{"id":13730,"date":"2021-11-15T09:07:16","date_gmt":"2021-11-15T08:07:16","guid":{"rendered":"https:\/\/zaklada-ana-rukavina.hr\/?page_id=13730"},"modified":"2021-11-15T09:24:20","modified_gmt":"2021-11-15T08:24:20","slug":"tonkas-big-friend","status":"publish","type":"page","link":"https:\/\/zaklada-ana-rukavina.hr\/en\/tonkas-big-friend\/","title":{"rendered":"Tonka&#8217;s Big Friend"},"content":{"rendered":"<p>In the summer of 2019, Mr. Leonardo \u010ce\u010di Baksa, author of many children&#8217;s stories and lyricist of numerous music hits, came to the Ana Rukavina Foundation with a story he wanted to donate to the Ana Rukavina Foundation to encourage and give hope to small patients struggling with malignant diseases.<br \/>\nThe story of little girl Tonka immediately won us over, all the more so as it is based on the personal experience of a Mr. \u010ce\u010di family member.<br \/>\nAs we did not have experience in publishing books, our dear Mrs. Snje\u017eana Mari\u0107 from \u0160kolska knjiga came to our aid with the whole team, who were of immense help to us.<br \/>\nIn addition to advice, contacts, donation of a part of the picture book, they helped us with their humanity, enthusiasm and desire for the whole project to succeed and the book to reach those who need it most, and these are children who are currently fighting the fight that no child should lead.<br \/>\nThe illustrator, Mrs. Branka Hollingsworth Nara embellished our book and gave Tonka and her friends faces that children will love.<br \/>\nWe want the little patients to gain hope and encouragement through the character of Tonka, the belief that in the end everything will be fine and that they have a bright future ahead of them.<br \/>\nEmpathy and compassion should be learned from an early age, and that is exactly our goal &#8211; that the child who has gone through this difficult struggle, upon returning to his &#8220;normal&#8221; environment is not stigmatized, but accepted and loved.<br \/>\nIn addition, we must not forget that the disease is unfortunately encountered by the whole family and friends of the sick person, so we wanted this book to be a motive for those who are healthy to understand what the sick person is going through and help them return to everyday life.<br \/>\nThe aim of this picture book is to show doctors as \u201eone of us\u201c, those who are our greatest allies and comrades in the most difficult battles and everything we go through, encouraging us and fighting for our health.<br \/>\nThe book was published after the earthquake in Zagreb, and we planned the promotion in the spring, but we were prevented by the pandemic of the COVID-19 disease.<br \/>\nWe distributed this beautiful book to all children&#8217;s oncology departments in the Republic of Croatia.<br \/>\nWe also donated the book to all the children&#8217;s libraries, reading rooms and school libraries that showed interest &#8211; and the interest was great.<\/p>\n<p>You can download <a href=\"https:\/\/zaklada-ana-rukavina.hr\/wp-content\/uploads\/2021\/11\/Tonkas-Big-Friend.pdf\">Tonka&#8217;s Big Friend<\/a> book here.<\/p>\n","protected":false},"excerpt":{"rendered":"<p>In the summer of 2019, Mr. Leonardo \u010ce\u010di Baksa, author of many children&#8217;s stories and lyricist of numerous music hits, came to the Ana Rukavina Foundation with a story he wanted to donate to the Ana Rukavina Foundation to encourage and give hope to small patients struggling with malignant diseases. The story of little girl Tonka immediately won us over, [&hellip;]<\/p>\n","protected":false},"author":2,"featured_media":13013,"parent":0,"menu_order":0,"comment_status":"closed","ping_status":"closed","template":"","meta":{"footnotes":""},"class_list":["post-13730","page","type-page","status-publish","has-post-thumbnail","hentry","post","post-with-thumbnail","post-with-thumbnail-large"],"_links":{"self":[{"href":"https:\/\/zaklada-ana-rukavina.hr\/en\/wp-json\/wp\/v2\/pages\/13730","targetHints":{"allow":["GET"]}}],"collection":[{"href":"https:\/\/zaklada-ana-rukavina.hr\/en\/wp-json\/wp\/v2\/pages"}],"about":[{"href":"https:\/\/zaklada-ana-rukavina.hr\/en\/wp-json\/wp\/v2\/types\/page"}],"author":[{"embeddable":true,"href":"https:\/\/zaklada-ana-rukavina.hr\/en\/wp-json\/wp\/v2\/users\/2"}],"replies":[{"embeddable":true,"href":"https:\/\/zaklada-ana-rukavina.hr\/en\/wp-json\/wp\/v2\/comments?post=13730"}],"version-history":[{"count":2,"href":"https:\/\/zaklada-ana-rukavina.hr\/en\/wp-json\/wp\/v2\/pages\/13730\/revisions"}],"predecessor-version":[{"id":13735,"href":"https:\/\/zaklada-ana-rukavina.hr\/en\/wp-json\/wp\/v2\/pages\/13730\/revisions\/13735"}],"wp:featuredmedia":[{"embeddable":true,"href":"https:\/\/zaklada-ana-rukavina.hr\/en\/wp-json\/wp\/v2\/media\/13013"}],"wp:attachment":[{"href":"https:\/\/zaklada-ana-rukavina.hr\/en\/wp-json\/wp\/v2\/media?parent=13730"}],"curies":[{"name":"wp","href":"https:\/\/api.w.org\/{rel}","templated":true}]}}