{"id":6269,"date":"2017-08-02T12:06:02","date_gmt":"2017-08-02T10:06:02","guid":{"rendered":"http:\/\/dev.zaklada-ana-rukavina.hr\/novi-zivot-za-novi-zivot\/"},"modified":"2017-08-02T12:06:02","modified_gmt":"2017-08-02T10:06:02","slug":"novi-zivot-za-novi-zivot","status":"publish","type":"page","link":"https:\/\/zaklada-ana-rukavina.hr\/en\/novi-zivot-za-novi-zivot\/","title":{"rendered":"Novi \u017eivot za novi \u017eivot"},"content":{"rendered":"<blockquote class=\"siva3\">\n<h2>Darujte krv iz pupkovine jer mo\u017ee nekome spasiti \u017eivot!<\/h2>\n<p><img loading=\"lazy\" decoding=\"async\" class=\"alignnone size-full wp-image-763\" src=\"http:\/\/dev.zaklada-ana-rukavina.hr\/wp-content\/uploads\/2017\/08\/img_23042007.jpg\" alt=\"\" width=\"596\" height=\"176\" srcset=\"https:\/\/zaklada-ana-rukavina.hr\/wp-content\/uploads\/2017\/08\/img_23042007.jpg 596w, https:\/\/zaklada-ana-rukavina.hr\/wp-content\/uploads\/2017\/08\/img_23042007-300x89.jpg 300w\" sizes=\"auto, (max-width: 596px) 100vw, 596px\" \/><\/p>\n<p>U svijetu postoji velik broj bolesnika koji trebaju transplantaciju krvotvornih mati\u010dnih stanica, a ne mogu na\u0107i podudarnog darivatelja. Krv iz pupkovine pohranjena u Banci krvi iz pupkovine Ana Rukavina pove\u0107ava mogu\u0107nost pronala\u017eenja transplantata kojim se mo\u017ee spasiti \u017eivot oboljelima.<\/p>\n<p>U o\u017eujku 2007. osnovana je Banka krvi iz pupkovine Ana Rukavina. Banka djeluje kao javna banka i dio je Hrvatskog registra dobrovoljnih darivatelja krvotvornih mati\u010dnih stanica. Nakon osnivanja Banke pokrenute su aktivnosti oko organizacije mre\u017ee rodili\u0161ta koja \u0107e od dobrovoljnih darivateljica prikupljati krv iz pupkovine za potrebe Banke.<\/p><\/blockquote>\n","protected":false},"excerpt":{"rendered":"<p>Darujte krv iz pupkovine jer mo\u017ee nekome spasiti \u017eivot! U svijetu postoji velik broj bolesnika koji trebaju transplantaciju krvotvornih mati\u010dnih stanica, a ne mogu na\u0107i podudarnog darivatelja. Krv iz pupkovine pohranjena u Banci krvi iz pupkovine Ana Rukavina pove\u0107ava mogu\u0107nost pronala\u017eenja transplantata kojim se mo\u017ee spasiti \u017eivot oboljelima. U o\u017eujku 2007. osnovana je Banka krvi iz pupkovine Ana Rukavina. Banka [&hellip;]<\/p>\n","protected":false},"author":1,"featured_media":0,"parent":0,"menu_order":0,"comment_status":"closed","ping_status":"closed","template":"","meta":{"footnotes":""},"class_list":["post-6269","page","type-page","status-publish","hentry","post"],"_links":{"self":[{"href":"https:\/\/zaklada-ana-rukavina.hr\/en\/wp-json\/wp\/v2\/pages\/6269","targetHints":{"allow":["GET"]}}],"collection":[{"href":"https:\/\/zaklada-ana-rukavina.hr\/en\/wp-json\/wp\/v2\/pages"}],"about":[{"href":"https:\/\/zaklada-ana-rukavina.hr\/en\/wp-json\/wp\/v2\/types\/page"}],"author":[{"embeddable":true,"href":"https:\/\/zaklada-ana-rukavina.hr\/en\/wp-json\/wp\/v2\/users\/1"}],"replies":[{"embeddable":true,"href":"https:\/\/zaklada-ana-rukavina.hr\/en\/wp-json\/wp\/v2\/comments?post=6269"}],"version-history":[{"count":0,"href":"https:\/\/zaklada-ana-rukavina.hr\/en\/wp-json\/wp\/v2\/pages\/6269\/revisions"}],"wp:attachment":[{"href":"https:\/\/zaklada-ana-rukavina.hr\/en\/wp-json\/wp\/v2\/media?parent=6269"}],"curies":[{"name":"wp","href":"https:\/\/api.w.org\/{rel}","templated":true}]}}