{"id":6291,"date":"2017-08-03T14:12:28","date_gmt":"2017-08-03T12:12:28","guid":{"rendered":"http:\/\/dev.zaklada-ana-rukavina.hr\/about-ana-rukavina-foundation\/kontakt\/"},"modified":"2025-06-18T12:51:47","modified_gmt":"2025-06-18T10:51:47","slug":"contact","status":"publish","type":"page","link":"https:\/\/zaklada-ana-rukavina.hr\/en\/about-ana-rukavina-foundation\/contact\/","title":{"rendered":"Contact"},"content":{"rendered":"<h3>Founders:<\/h3>\n<p>ANA RUKAVINA ERCEG FAMILY, CROATIAN LEUKEMIA AND LYMPHOMA ASSOCIATION<\/p>\n<h3>Head office:<\/h3>\n<p>VRBJE 1 C, HR-10000 ZAGREB<\/p>\n<h3>Phones:<\/h3>\n<p>Marija Rukavina, manager<br \/>\nPhone: +385 1 48 12 827<\/p>\n<p>Prof.dr.sc. Mirando Mrsi\u0107, medical director<br \/>\nPhone: +385 1 48 12 827<\/p>\n<p>Andriana Ba\u0161i\u0107, Secretary<br \/>\nPhone: +385 1 48 12 827<br \/>\nMobile: +385 91 48 73 563<br \/>\nE-mail: <a href=\"mailto:andriana@zaklada-ana-rukavina.hr\">andriana@zaklada-ana-rukavina.hr<\/a><\/p>\n<p>Sandra Zeljkovi\u0107, Office Manager, Media &amp; Action Coordinator<br \/>\nPhone: +385 1 48 12 827<br \/>\nMobile: +385 99 52 65 615<br \/>\nE-mail: <a href=\"mailto:sandra@zaklada-ana-rukavina.hr\">sandra@zaklada-ana-rukavina.hr<\/a><\/p>\n<p>&nbsp;<\/p>\n<p>PIN: 83237257080 (Register number: 2187701)<br \/>\nE-mail: <a href=\"mailto:info@zaklada-ana-rukavina.hr\">info@zaklada-ana-rukavina.hr <\/a><br \/>\nWEB: <a href=\"http:\/\/www.zaklada-ana-rukavina.hr\">www.zaklada-ana-rukavina.hr<\/a><\/p>\n<p>IBAN HR10 2340 0091 1102 6185 5<br \/>\nForeign currency account: PBZ 703000-042512; SWIFT (BIC) PBZGHR2X<\/p>\n","protected":false},"excerpt":{"rendered":"<p>Founders: ANA RUKAVINA ERCEG FAMILY, CROATIAN LEUKEMIA AND LYMPHOMA ASSOCIATION Head office: VRBJE 1 C, HR-10000 ZAGREB Phones: Marija Rukavina, manager Phone: +385 1 48 12 827 Prof.dr.sc. Mirando Mrsi\u0107, medical director Phone: +385 1 48 12 827 Andriana Ba\u0161i\u0107, Secretary Phone: +385 1 48 12 827 Mobile: +385 91 48 73 563 E-mail: andriana@zaklada-ana-rukavina.hr Sandra Zeljkovi\u0107, Office Manager, Media [&hellip;]<\/p>\n","protected":false},"author":1,"featured_media":0,"parent":6127,"menu_order":7,"comment_status":"closed","ping_status":"closed","template":"","meta":{"footnotes":""},"class_list":["post-6291","page","type-page","status-publish","hentry","post"],"_links":{"self":[{"href":"https:\/\/zaklada-ana-rukavina.hr\/en\/wp-json\/wp\/v2\/pages\/6291","targetHints":{"allow":["GET"]}}],"collection":[{"href":"https:\/\/zaklada-ana-rukavina.hr\/en\/wp-json\/wp\/v2\/pages"}],"about":[{"href":"https:\/\/zaklada-ana-rukavina.hr\/en\/wp-json\/wp\/v2\/types\/page"}],"author":[{"embeddable":true,"href":"https:\/\/zaklada-ana-rukavina.hr\/en\/wp-json\/wp\/v2\/users\/1"}],"replies":[{"embeddable":true,"href":"https:\/\/zaklada-ana-rukavina.hr\/en\/wp-json\/wp\/v2\/comments?post=6291"}],"version-history":[{"count":10,"href":"https:\/\/zaklada-ana-rukavina.hr\/en\/wp-json\/wp\/v2\/pages\/6291\/revisions"}],"predecessor-version":[{"id":18763,"href":"https:\/\/zaklada-ana-rukavina.hr\/en\/wp-json\/wp\/v2\/pages\/6291\/revisions\/18763"}],"up":[{"embeddable":true,"href":"https:\/\/zaklada-ana-rukavina.hr\/en\/wp-json\/wp\/v2\/pages\/6127"}],"wp:attachment":[{"href":"https:\/\/zaklada-ana-rukavina.hr\/en\/wp-json\/wp\/v2\/media?parent=6291"}],"curies":[{"name":"wp","href":"https:\/\/api.w.org\/{rel}","templated":true}]}}